{"id":15,"date":"2025-07-15T21:44:15","date_gmt":"2025-07-15T21:44:15","guid":{"rendered":"https:\/\/gite-orgnac-aven.fr\/?page_id=15"},"modified":"2025-07-15T23:24:33","modified_gmt":"2025-07-15T22:24:33","slug":"about","status":"publish","type":"page","link":"https:\/\/gite-orgnac-aven.fr\/index.php\/about\/","title":{"rendered":"Aux alentours"},"content":{"rendered":"\n<h2 class=\"wp-block-heading has-large-font-size\" id=\"inspiro-is-a-digital-product-agency-that-focuses-on-strategy-and-design\" style=\"font-style:normal;font-weight:100\"><strong>Entre gorges, grottes et villages : explorez le Sud Ard\u00e8che<\/strong><\/h2>\n\n\n\n<div style=\"height:100px\" aria-hidden=\"true\" class=\"wp-block-spacer\"><\/div>\n\n\n\n<div class=\"wp-block-columns alignwide is-layout-flex wp-container-core-columns-is-layout-28f84493 wp-block-columns-is-layout-flex\">\n<div class=\"wp-block-column is-layout-flow wp-block-column-is-layout-flow\">\n<figure class=\"wp-block-image size-full\"><img fetchpriority=\"high\" decoding=\"async\" width=\"612\" height=\"338\" src=\"https:\/\/gite-orgnac-aven.fr\/wp-content\/uploads\/2025\/07\/pont-darc.jpg\" alt=\"\" class=\"wp-image-35\" srcset=\"https:\/\/gite-orgnac-aven.fr\/wp-content\/uploads\/2025\/07\/pont-darc.jpg 612w, https:\/\/gite-orgnac-aven.fr\/wp-content\/uploads\/2025\/07\/pont-darc-300x166.jpg 300w\" sizes=\"(max-width: 612px) 100vw, 612px\" \/><figcaption class=\"wp-element-caption\"><strong>Le Pont d\u2019Arc, majestueuse porte des Gorges de l\u2019Ard\u00e8che<\/strong><\/figcaption><\/figure>\n\n\n\n<p class=\"has-black-color has-text-color has-medium-font-size\"><a href=\"https:\/\/www.gorges-ardeche-pontdarc.fr\/\" target=\"_blank\" rel=\"noreferrer noopener\">Le Pont d&rsquo;Arc<\/a><\/p>\n\n\n\n<p class=\"has-text-color\" style=\"color:#7a7a7a\">\u00c0 quelques kilom\u00e8tres d\u2019Orgnac-l\u2019Aven, le Pont d\u2019Arc est une merveille naturelle embl\u00e9matique du Sud Ard\u00e8che. Lieu incontournable, le Pont d\u2019Arc s\u00e9duit autant les amateurs de baignade et de cano\u00eb que les passionn\u00e9s de nature et de paysages spectaculaires. Que ce soit pour une photo au lever du soleil, une balade en bord de rivi\u00e8re ou une descente en cano\u00eb, ce site class\u00e9 est un passage oblig\u00e9 lors d\u2019un s\u00e9jour dans la r\u00e9gion.<\/p>\n<\/div>\n\n\n\n<div class=\"wp-block-column is-layout-flow wp-block-column-is-layout-flow\">\n<figure class=\"wp-block-image size-full\"><img decoding=\"async\" width=\"612\" height=\"408\" src=\"https:\/\/gite-orgnac-aven.fr\/wp-content\/uploads\/2025\/07\/grotte.jpg\" alt=\"\" class=\"wp-image-36\" srcset=\"https:\/\/gite-orgnac-aven.fr\/wp-content\/uploads\/2025\/07\/grotte.jpg 612w, https:\/\/gite-orgnac-aven.fr\/wp-content\/uploads\/2025\/07\/grotte-300x200.jpg 300w\" sizes=\"(max-width: 612px) 100vw, 612px\" \/><figcaption class=\"wp-element-caption\"><strong>L\u2019Aven d\u2019Orgnac, un voyage au c\u0153ur de la Terre<\/strong><\/figcaption><\/figure>\n\n\n\n<p class=\"has-black-color has-text-color has-medium-font-size\"><a href=\"https:\/\/www.gorges-ardeche-pontdarc.fr\/decouverte-ardeche\/incontournables-ardeche\/aven-dorgnac-ardeche\/\" target=\"_blank\" rel=\"noreferrer noopener\">L&rsquo;Aven d&rsquo;Orgnac<\/a><\/p>\n\n\n\n<p class=\"has-text-color\" style=\"color:#7a7a7a\">Class\u00e9 Grand Site de France, l\u2019Aven d\u2019Orgnac est une v\u00e9ritable cath\u00e9drale souterraine sculpt\u00e9e par la nature. Situ\u00e9e \u00e0 deux pas de notre g\u00eete, cette grotte spectaculaire d\u00e9voile d\u2019immenses salles orn\u00e9es de stalactites et stalagmites aux formes \u00e9tonnantes. La visite guid\u00e9e vous plonge dans un univers min\u00e9ral fascinant, \u00e0 120 m\u00e8tres sous terre. En surface, la Cit\u00e9 de la Pr\u00e9histoire compl\u00e8te l\u2019exp\u00e9rience avec une d\u00e9couverte ludique et interactive de la vie des hommes pr\u00e9historiques. Une sortie inoubliable m\u00ealant beaut\u00e9 naturelle et voyage dans le temps.<\/p>\n<\/div>\n\n\n\n<div class=\"wp-block-column is-layout-flow wp-block-column-is-layout-flow\">\n<figure class=\"wp-block-image size-full\"><img decoding=\"async\" width=\"612\" height=\"408\" src=\"https:\/\/gite-orgnac-aven.fr\/wp-content\/uploads\/2025\/07\/gorges.jpg\" alt=\"\" class=\"wp-image-42\" srcset=\"https:\/\/gite-orgnac-aven.fr\/wp-content\/uploads\/2025\/07\/gorges.jpg 612w, https:\/\/gite-orgnac-aven.fr\/wp-content\/uploads\/2025\/07\/gorges-300x200.jpg 300w\" sizes=\"(max-width: 612px) 100vw, 612px\" \/><figcaption class=\"wp-element-caption\"><strong>Les Gorges de l\u2019Ard\u00e8che, un canyon sauvage et grandiose<\/strong><\/figcaption><\/figure>\n\n\n\n<p class=\"has-black-color has-text-color has-medium-font-size\"><a href=\"#\">Les gorges de l&rsquo;ard\u00e8che<\/a><\/p>\n\n\n\n<p class=\"has-text-color\" style=\"color:#7a7a7a\">Les Gorges de l\u2019Ard\u00e8che offrent un spectacle naturel \u00e0 couper le souffle. Creus\u00e9es par la rivi\u00e8re sur plus de 30 kilom\u00e8tres entre Vallon-Pont-d\u2019Arc et Saint-Martin-d\u2019Ard\u00e8che, elles dessinent un v\u00e9ritable canyon aux falaises vertigineuses. Class\u00e9es R\u00e9serve Naturelle, les gorges sont un paradis pour les amateurs de randonn\u00e9e, de cano\u00eb-kayak et d\u2019observation de la faune. Tout au long de la route touristique, belv\u00e9d\u00e8res et panoramas grandioses s\u2019encha\u00eenent, offrant des points de vue spectaculaires sur ce joyau du Sud Ard\u00e8che. Une immersion totale dans une nature pr\u00e9serv\u00e9e et sauvage.<\/p>\n<\/div>\n<\/div>\n\n\n\n<h3 class=\"wp-block-heading has-large-font-size\" id=\"inspiro-is-a-digital-product-agency-that-focuses-on-strategy-and-desig\" style=\"font-style:normal;font-weight:300\">Showreel<\/h3>\n\n\n\n<figure class=\"wp-block-embed is-type-video is-provider-youtube wp-block-embed-youtube wp-embed-aspect-16-9 wp-has-aspect-ratio\"><div class=\"wp-block-embed__wrapper\">\n<iframe title=\"Organiser son bivouac - Acad\u00e9mie des Gorges de l&#039;Ard\u00e8che\" width=\"950\" height=\"534\" src=\"https:\/\/www.youtube.com\/embed\/IZnVxHX0uQc?feature=oembed\" frameborder=\"0\" allow=\"accelerometer; autoplay; clipboard-write; encrypted-media; gyroscope; picture-in-picture; web-share\" referrerpolicy=\"strict-origin-when-cross-origin\" allowfullscreen><\/iframe>\n<\/div><\/figure>\n\n\n\n<div style=\"height:100px\" aria-hidden=\"true\" class=\"wp-block-spacer\"><\/div>\n\n\n\n<div class=\"wp-block-cover alignfull\" style=\"padding-top:50px;padding-right:50px;padding-bottom:50px;padding-left:50px;min-height:316px;aspect-ratio:unset;\"><span aria-hidden=\"true\" class=\"wp-block-cover__background has-black-background-color has-background-dim-100 has-background-dim\"><\/span><div class=\"wp-block-cover__inner-container is-layout-flow wp-block-cover-is-layout-flow\">\n<div class=\"wp-block-columns are-vertically-aligned-center is-layout-flex wp-container-core-columns-is-layout-28f84493 wp-block-columns-is-layout-flex\">\n<div class=\"wp-block-column is-vertically-aligned-center is-layout-flow wp-block-column-is-layout-flow\" style=\"padding-top:20px;padding-right:0px;padding-bottom:20px;padding-left:0px\">\n<div class=\"wp-block-group is-content-justification-space-between is-nowrap is-layout-flex wp-container-core-group-is-layout-bb3dfb5c wp-block-group-is-layout-flex\">\n<figure class=\"wp-block-image size-full\"><img decoding=\"async\" src=\"https:\/\/gite-orgnac-aven.fr\/wp-content\/themes\/inspiro\/assets\/images\/laurel_left.png\" alt=\"\"\/><\/figure>\n\n\n\n<div class=\"wp-block-group is-layout-flow wp-block-group-is-layout-flow\">\n<p class=\"has-text-align-center has-white-color has-text-color\" style=\"font-size:clamp(14px, 0.875rem + ((1vw - 3.2px) * 0.417), 18px);line-height:1\"><strong>\u00ab\u00a0Best Film\u00a0\u00bb<br><\/strong>Winner<\/p>\n<\/div>\n\n\n\n<figure class=\"wp-block-image size-full\"><img decoding=\"async\" src=\"https:\/\/gite-orgnac-aven.fr\/wp-content\/themes\/inspiro\/assets\/images\/laurel_right.png\" alt=\"\"\/><\/figure>\n<\/div>\n<\/div>\n\n\n\n<div class=\"wp-block-column is-vertically-aligned-center is-layout-flow wp-block-column-is-layout-flow\" style=\"padding-top:20px;padding-right:0px;padding-bottom:20px;padding-left:0px\">\n<div class=\"wp-block-group is-content-justification-space-between is-nowrap is-layout-flex wp-container-core-group-is-layout-bb3dfb5c wp-block-group-is-layout-flex\">\n<figure class=\"wp-block-image size-full\"><img decoding=\"async\" src=\"https:\/\/gite-orgnac-aven.fr\/wp-content\/themes\/inspiro\/assets\/images\/laurel_left.png\" alt=\"\"\/><\/figure>\n\n\n\n<div class=\"wp-block-group is-layout-flow wp-block-group-is-layout-flow\">\n<p class=\"has-text-align-center has-white-color has-text-color\" style=\"font-size:clamp(14px, 0.875rem + ((1vw - 3.2px) * 0.417), 18px);line-height:1\"><strong>\u00ab\u00a0New Film Festival\u00a0\u00bb<\/strong><br>Winner<\/p>\n<\/div>\n\n\n\n<figure class=\"wp-block-image size-full\"><img decoding=\"async\" src=\"https:\/\/gite-orgnac-aven.fr\/wp-content\/themes\/inspiro\/assets\/images\/laurel_right.png\" alt=\"\"\/><\/figure>\n<\/div>\n<\/div>\n\n\n\n<div class=\"wp-block-column is-vertically-aligned-center is-layout-flow wp-block-column-is-layout-flow\" style=\"padding-top:20px;padding-right:0px;padding-bottom:20px;padding-left:0px\">\n<div class=\"wp-block-group is-content-justification-space-between is-nowrap is-layout-flex wp-container-core-group-is-layout-bb3dfb5c wp-block-group-is-layout-flex\">\n<figure class=\"wp-block-image size-full\"><img decoding=\"async\" src=\"https:\/\/gite-orgnac-aven.fr\/wp-content\/themes\/inspiro\/assets\/images\/laurel_left.png\" alt=\"\"\/><\/figure>\n\n\n\n<div class=\"wp-block-group is-layout-flow wp-block-group-is-layout-flow\">\n<p class=\"has-text-align-center has-white-color has-text-color\" style=\"font-size:clamp(14px, 0.875rem + ((1vw - 3.2px) * 0.417), 18px);line-height:1\"><strong>\u00ab\u00a0Best Short\u00a0\u00bb<\/strong><br>Winner<\/p>\n<\/div>\n\n\n\n<figure class=\"wp-block-image size-full\"><img decoding=\"async\" src=\"https:\/\/gite-orgnac-aven.fr\/wp-content\/themes\/inspiro\/assets\/images\/laurel_right.png\" alt=\"\"\/><\/figure>\n<\/div>\n<\/div>\n<\/div>\n<\/div><\/div>\n","protected":false},"excerpt":{"rendered":"<p>Entre gorges, grottes et villages : explorez le Sud Ard\u00e8che Le Pont d&rsquo;Arc \u00c0 quelques kilom\u00e8tres d\u2019Orgnac-l\u2019Aven, le Pont d\u2019Arc est une merveille naturelle embl\u00e9matique du Sud Ard\u00e8che. Lieu incontournable, le Pont d\u2019Arc s\u00e9duit autant les amateurs de baignade et de cano\u00eb que les passionn\u00e9s de nature et de paysages spectaculaires. Que ce soit pour &hellip; <\/p>\n<p class=\"link-more\"><a href=\"https:\/\/gite-orgnac-aven.fr\/index.php\/about\/\" class=\"more-link\">Lire la suite de<span class=\"screen-reader-text\">\u00ab\u00a0Aux alentours\u00a0\u00bb<\/span><\/a><\/p>\n","protected":false},"author":1,"featured_media":44,"parent":0,"menu_order":0,"comment_status":"closed","ping_status":"closed","template":"","meta":{"footnotes":""},"class_list":["post-15","page","type-page","status-publish","has-post-thumbnail","hentry"],"featured_media_urls":{"thumbnail":["https:\/\/gite-orgnac-aven.fr\/wp-content\/uploads\/2025\/07\/Canoe-Gorges-de-lArdeche-\u00a9Tristan-Shu-Rhone-Alpes-Tourisme-150x150.jpg",150,150,true],"medium":["https:\/\/gite-orgnac-aven.fr\/wp-content\/uploads\/2025\/07\/Canoe-Gorges-de-lArdeche-\u00a9Tristan-Shu-Rhone-Alpes-Tourisme-300x141.jpg",300,141,true],"medium_large":["https:\/\/gite-orgnac-aven.fr\/wp-content\/uploads\/2025\/07\/Canoe-Gorges-de-lArdeche-\u00a9Tristan-Shu-Rhone-Alpes-Tourisme.jpg",768,360,false],"large":["https:\/\/gite-orgnac-aven.fr\/wp-content\/uploads\/2025\/07\/Canoe-Gorges-de-lArdeche-\u00a9Tristan-Shu-Rhone-Alpes-Tourisme-1024x480.jpg",950,445,true],"1536x1536":["https:\/\/gite-orgnac-aven.fr\/wp-content\/uploads\/2025\/07\/Canoe-Gorges-de-lArdeche-\u00a9Tristan-Shu-Rhone-Alpes-Tourisme-1536x720.jpg",1536,720,true],"2048x2048":["https:\/\/gite-orgnac-aven.fr\/wp-content\/uploads\/2025\/07\/Canoe-Gorges-de-lArdeche-\u00a9Tristan-Shu-Rhone-Alpes-Tourisme.jpg",1920,900,false],"inspiro-featured-image":["https:\/\/gite-orgnac-aven.fr\/wp-content\/uploads\/2025\/07\/Canoe-Gorges-de-lArdeche-\u00a9Tristan-Shu-Rhone-Alpes-Tourisme.jpg",1920,900,false],"inspiro-loop":["https:\/\/gite-orgnac-aven.fr\/wp-content\/uploads\/2025\/07\/Canoe-Gorges-de-lArdeche-\u00a9Tristan-Shu-Rhone-Alpes-Tourisme-950x320.jpg",950,320,true],"inspiro-loop@2x":["https:\/\/gite-orgnac-aven.fr\/wp-content\/uploads\/2025\/07\/Canoe-Gorges-de-lArdeche-\u00a9Tristan-Shu-Rhone-Alpes-Tourisme-1900x640.jpg",1900,640,true],"portfolio_item-thumbnail":["https:\/\/gite-orgnac-aven.fr\/wp-content\/uploads\/2025\/07\/Canoe-Gorges-de-lArdeche-\u00a9Tristan-Shu-Rhone-Alpes-Tourisme-600x400.jpg",600,400,true],"portfolio_item-thumbnail@2x":["https:\/\/gite-orgnac-aven.fr\/wp-content\/uploads\/2025\/07\/Canoe-Gorges-de-lArdeche-\u00a9Tristan-Shu-Rhone-Alpes-Tourisme-1200x800.jpg",1200,800,true],"portfolio_item-masonry":["https:\/\/gite-orgnac-aven.fr\/wp-content\/uploads\/2025\/07\/Canoe-Gorges-de-lArdeche-\u00a9Tristan-Shu-Rhone-Alpes-Tourisme-600x281.jpg",600,281,true],"portfolio_item-masonry@2x":["https:\/\/gite-orgnac-aven.fr\/wp-content\/uploads\/2025\/07\/Canoe-Gorges-de-lArdeche-\u00a9Tristan-Shu-Rhone-Alpes-Tourisme-1200x563.jpg",1200,563,true],"portfolio_item-thumbnail_cinema":["https:\/\/gite-orgnac-aven.fr\/wp-content\/uploads\/2025\/07\/Canoe-Gorges-de-lArdeche-\u00a9Tristan-Shu-Rhone-Alpes-Tourisme-800x335.jpg",800,335,true],"portfolio_item-thumbnail_portrait":["https:\/\/gite-orgnac-aven.fr\/wp-content\/uploads\/2025\/07\/Canoe-Gorges-de-lArdeche-\u00a9Tristan-Shu-Rhone-Alpes-Tourisme-600x900.jpg",600,900,true],"portfolio_item-thumbnail_portrait@2x":["https:\/\/gite-orgnac-aven.fr\/wp-content\/uploads\/2025\/07\/Canoe-Gorges-de-lArdeche-\u00a9Tristan-Shu-Rhone-Alpes-Tourisme-1200x900.jpg",1200,900,true],"portfolio_item-thumbnail_square":["https:\/\/gite-orgnac-aven.fr\/wp-content\/uploads\/2025\/07\/Canoe-Gorges-de-lArdeche-\u00a9Tristan-Shu-Rhone-Alpes-Tourisme-800x800.jpg",800,800,true]},"_links":{"self":[{"href":"https:\/\/gite-orgnac-aven.fr\/index.php\/wp-json\/wp\/v2\/pages\/15","targetHints":{"allow":["GET"]}}],"collection":[{"href":"https:\/\/gite-orgnac-aven.fr\/index.php\/wp-json\/wp\/v2\/pages"}],"about":[{"href":"https:\/\/gite-orgnac-aven.fr\/index.php\/wp-json\/wp\/v2\/types\/page"}],"author":[{"embeddable":true,"href":"https:\/\/gite-orgnac-aven.fr\/index.php\/wp-json\/wp\/v2\/users\/1"}],"replies":[{"embeddable":true,"href":"https:\/\/gite-orgnac-aven.fr\/index.php\/wp-json\/wp\/v2\/comments?post=15"}],"version-history":[{"count":9,"href":"https:\/\/gite-orgnac-aven.fr\/index.php\/wp-json\/wp\/v2\/pages\/15\/revisions"}],"predecessor-version":[{"id":52,"href":"https:\/\/gite-orgnac-aven.fr\/index.php\/wp-json\/wp\/v2\/pages\/15\/revisions\/52"}],"wp:featuredmedia":[{"embeddable":true,"href":"https:\/\/gite-orgnac-aven.fr\/index.php\/wp-json\/wp\/v2\/media\/44"}],"wp:attachment":[{"href":"https:\/\/gite-orgnac-aven.fr\/index.php\/wp-json\/wp\/v2\/media?parent=15"}],"curies":[{"name":"wp","href":"https:\/\/api.w.org\/{rel}","templated":true}]}}